

{"id":492,"date":"2016-05-31T15:44:25","date_gmt":"2016-05-31T13:44:25","guid":{"rendered":"https:\/\/www.listafyr.no\/myrsnipa\/"},"modified":"2021-02-18T10:31:08","modified_gmt":"2021-02-18T09:31:08","slug":"myrsnipa","status":"publish","type":"page","link":"https:\/\/www.listafyr.no\/de\/myrsnipa\/","title":{"rendered":"Myrsnipa"},"content":{"rendered":"<p style=\"margin: 0px 0px 1rem; padding: 0px; text-align: center; color: #0a0a0a; text-transform: none; line-height: 1.8; text-indent: 0px; letter-spacing: normal; font-family: 'Open Sans', sans-serif; font-size: 16px; font-style: normal; font-weight: 400; word-spacing: 0px; white-space: normal; box-sizing: inherit; orphans: 2; widows: 2; background-color: #fefefe; text-rendering: optimizeLegibility; font-variant-ligatures: normal; font-variant-caps: normal; -webkit-text-stroke-width: 0px; text-decoration-style: initial; text-decoration-color: initial;\"><span id=\"result_box\" lang=\"de\"><span title=\"Select dates in the calendar below and fill in the information boxes. \">W\u00e4hlen Sie die Daten im Kalender unten und f\u00fcllen Sie die Informationsfelder aus.<\/span><\/span><\/p>\n<p style=\"text-align: center;\"><span title=\"Only select the date for check in and check out, not the days in between. \">W\u00e4hlen Sie nur das Datum f\u00fcr den Check-in und Check-out, nicht die dazwischen liegenden Tage.<\/span><\/p>\n<p style=\"text-align: center;\"><span title=\"When your booking is done you will receive an email with further instructions.\">Wenn Ihre Buchung abgeschlossen ist, erhalten Sie eine E-Mail mit weiteren Anweisungen. <\/span><span title=\"If you fail to receive this email, please check that your registered email is correct and check your spam-folder. \">Wenn Sie diese E-Mail nicht erhalten, \u00fcberpr\u00fcfen Sie bitte, ob Ihre registrierte E-Mail korrekt ist und \u00fcberpr\u00fcfen Sie Ihren Spam-Ordner.<\/span><\/p>\n<p style=\"text-align: center;\"><span title=\"Prices are per apartment \">Preise sind pro Wohnung. <\/span><span class=\"tlid-translation translation\"><span title=\"\">Seife, Toilettenpapier und Reinigungsmittel sind enthalten.<\/span><\/span><\/p>\n<p style=\"text-align: center;\"><span title=\"The price does not include bed linen, towels or final washing before check out.\">Der Preis beinhaltet keine Bettw\u00e4sche oder\u00a0Handt\u00fccher. <\/span><span title=\"This may be ordered at an aditional cost, preferably a couple of days in advance.\">Dies kann zu einem zus\u00e4tzlichen Preis bestellt werden, vorzugsweise ein paar Tage im Voraus. <\/span><span title=\"The rental price for bed linen and towels is NOK 150 per set.\">Der Mietpreis f\u00fcr Bettw\u00e4sche und Handt\u00fccher betr\u00e4gt NOK 100 pro Satz.<\/span><\/p>\n<p style=\"text-align: center;\"><span title=\"Check in from 3 pm.\">Check-in ab 15 Uhr. <\/span><span title=\"Check out before 12 am. \">Check-out vor 12 Uhr.<\/span><\/p>\n<p style=\"text-align: center;\"><span title=\"Friday to Saturday and Saturday to Sunday is weekend, Sunday to Monday is weekday. \">Freitag bis Samstag und Samstag bis Sonntag ist Wochenende, Sonntag bis Montag ist Wochentag.<\/span><\/p>\n<p>&nbsp;<\/p>\n<h3 style=\"margin: 0px 0px 0.5rem; padding: 0px; text-align: center; color: #0a0a0a; text-transform: none; line-height: 1.4; text-indent: 0px; letter-spacing: normal; font-family: 'Josefin Sans', sans-serif; font-size: 1.75rem; font-style: normal; font-weight: 400; word-spacing: 0px; white-space: normal; box-sizing: inherit; orphans: 2; widows: 2; background-color: #fefefe; text-rendering: optimizeLegibility; font-variant-ligatures: normal; font-variant-caps: normal; -webkit-text-stroke-width: 0px; text-decoration-style: initial; text-decoration-color: initial;\">Preise 2021<\/h3>\n<p style=\"text-align: center;\"><span title=\"Low season \"><strong>Winter<\/strong><br \/>\n<\/span><span title=\"From October 1st to April 30th: \">Vom 1. Oktober bis 30. April:<br \/>\n<\/span><span title=\"Weekday (price per day) NOK 800,- \">Wochentag (Preis pro Tag) NOK 800, &#8211;<br \/>\n<\/span><span title=\"Weekend (price per day) NOK 1000,- \">Wochenende (Preis pro Tag) NOK 1000, &#8211;<br \/>\n<\/span><span title=\"Work week (Sunday-Friday) NOK 2900,- \">*Arbeitswoche (Sonntag-Freitag) NOK 2900, &#8211;<\/span><\/p>\n<p style=\"text-align: center;\"><span title=\"Work week (Sunday-Friday) NOK 2900,- \"><span lang=\"DE\"><span style=\"color: #000000; font-family: Times New Roman;\">Die Endreinigung ist nicht optional und kostet NOK 400 pro Apartment.<\/span><\/span><\/span><\/p>\n<p>&nbsp;<\/p>\n<p style=\"text-align: center;\"><span title=\"Mid season \"><strong>Fr\u00fchling und Herbst<\/strong><br \/>\n<\/span><span title=\"From May 1st to June 17th and August 20th to September 30th: \">Vom 1. Mai bis 16. Juni und vom 12. August bis 30. September:<br \/>\n<\/span><span title=\"Weekday (price per day) NOK 1000,- \">Wochentag (Preis pro Tag) NOK 1000, &#8211;<br \/>\n<\/span><span title=\"Weekend (price per day) NOK 1200,- \">Wochenende (Preis pro Tag) NOK 1200, &#8211;<br \/>\n<\/span><span title=\"Work week (Sunday-Friday) NOK 3900,- \">*Arbeitswoche (Sonntag-Freitag) NOK 3900, &#8211;<\/span><\/p>\n<p style=\"text-align: center;\"><span lang=\"DE\"><span style=\"color: #000000; font-family: Times New Roman;\">Die Endreinigung ist nicht optional und kostet NOK 400 pro Apartment.<\/span><\/span><\/p>\n<p>&nbsp;<\/p>\n<p style=\"text-align: center;\"><span title=\"High season \"><strong>Sommer<\/strong><br \/>\n<\/span><span title=\"From June 18th to August 19th: \">Vom 17. Juni bis 11. August:<br \/>\n<\/span><span title=\"Weekday (price per day) NOK 1200,- \">Wochentag (Preis pro Tag) NOK 1200, &#8211;<br \/>\n<\/span><span title=\"Weekend (price per day) NOK 1400,- \">Wochenende (Preis pro Tag) NOK 1400, &#8211;<br \/>\n<\/span><span title=\"Work week (Sunday-Friday) NOK 4900,- \">*Arbeitswoche (Sonntag-Freitag) NOK 4900, &#8211;<\/span><\/p>\n<p style=\"text-align: center;\">Die Endreinigung ist nicht optional und kostet NOK 400 pro Apartment.<\/p>\n<p style=\"text-align: center;\"><span lang=\"DE\"><span style=\"color: #000000; font-family: Times New Roman;\">*Wenn beispielsweise eine Arbeitswoche in der &#8222;Nebensaison&#8220; beginnt und in der Zwischensaison endet, wird der Preis f\u00fcr den gesamten Aufenthalt in &#8222;Arbeitswoche in der Nebensaison&#8220; berechnet. Die niedrigste Preisoption gilt f\u00fcr alle Arbeitswochen, die sich \u00fcber zwei verschiedene Preiszeiten erstrecken.<\/span><\/span><\/p>\n<p>&nbsp;<\/p>\n<p style=\"text-align: center;\"><span title=\"Bank: Sparebanken S\u00f8r \">Bank: Sparebanken S\u00f8r<\/span><\/p>\n<p style=\"text-align: center;\">Konto: 3000.43.24710<\/p>\n<p style=\"text-align: center;\">BIC\/Swift: SPSONO22<\/p>\n<p style=\"text-align: center;\">IBAN: <span id=\"iban_ibanNumber\">NO9330004324710<\/span><\/p>\n<p style=\"text-align: center;\"><span title=\"Bank: Sparebanken S\u00f8r \">\u00a0<\/span><\/p>\n","protected":false},"excerpt":{"rendered":"<p>W\u00e4hlen Sie die Daten im Kalender unten und f\u00fcllen Sie die Informationsfelder aus. W\u00e4hlen Sie nur das Datum f\u00fcr den Check-in und Check-out, nicht die dazwischen liegenden Tage. Wenn Ihre Buchung abgeschlossen ist, erhalten Sie eine E-Mail mit weiteren Anweisungen. Wenn Sie diese E-Mail nicht erhalten, \u00fcberpr\u00fcfen Sie bitte, ob Ihre registrierte E-Mail korrekt ist [&hellip;]<\/p>\n","protected":false},"author":11,"featured_media":0,"parent":0,"menu_order":0,"comment_status":"closed","ping_status":"closed","template":"","meta":{"_acf_changed":false,"footnotes":""},"class_list":["post-492","page","type-page","status-publish","hentry"],"acf":[],"yoast_head":"<!-- This site is optimized with the Yoast SEO plugin v27.3 - https:\/\/yoast.com\/product\/yoast-seo-wordpress\/ -->\n<title>Myrsnipa - Lista Fyr<\/title>\n<meta name=\"robots\" content=\"index, follow, max-snippet:-1, max-image-preview:large, max-video-preview:-1\" \/>\n<link rel=\"canonical\" href=\"https:\/\/www.listafyr.no\/de\/myrsnipa\/\" \/>\n<meta property=\"og:locale\" content=\"de_DE\" \/>\n<meta property=\"og:type\" content=\"article\" \/>\n<meta property=\"og:title\" content=\"Myrsnipa - Lista Fyr\" \/>\n<meta property=\"og:description\" content=\"W\u00e4hlen Sie die Daten im Kalender unten und f\u00fcllen Sie die Informationsfelder aus. W\u00e4hlen Sie nur das Datum f\u00fcr den Check-in und Check-out, nicht die dazwischen liegenden Tage. Wenn Ihre Buchung abgeschlossen ist, erhalten Sie eine E-Mail mit weiteren Anweisungen. Wenn Sie diese E-Mail nicht erhalten, \u00fcberpr\u00fcfen Sie bitte, ob Ihre registrierte E-Mail korrekt ist [&hellip;]\" \/>\n<meta property=\"og:url\" content=\"https:\/\/www.listafyr.no\/de\/myrsnipa\/\" \/>\n<meta property=\"og:site_name\" content=\"Lista Fyr\" \/>\n<meta property=\"article:modified_time\" content=\"2021-02-18T09:31:08+00:00\" \/>\n<meta name=\"twitter:card\" content=\"summary_large_image\" \/>\n<meta name=\"twitter:label1\" content=\"Gesch\u00e4tzte Lesezeit\" \/>\n\t<meta name=\"twitter:data1\" content=\"2\u00a0Minuten\" \/>\n<script type=\"application\/ld+json\" class=\"yoast-schema-graph\">{\"@context\":\"https:\\\/\\\/schema.org\",\"@graph\":[{\"@type\":\"WebPage\",\"@id\":\"https:\\\/\\\/www.listafyr.no\\\/de\\\/myrsnipa\\\/\",\"url\":\"https:\\\/\\\/www.listafyr.no\\\/de\\\/myrsnipa\\\/\",\"name\":\"Myrsnipa - Lista Fyr\",\"isPartOf\":{\"@id\":\"https:\\\/\\\/www.listafyr.no\\\/#website\"},\"datePublished\":\"2016-05-31T13:44:25+00:00\",\"dateModified\":\"2021-02-18T09:31:08+00:00\",\"breadcrumb\":{\"@id\":\"https:\\\/\\\/www.listafyr.no\\\/de\\\/myrsnipa\\\/#breadcrumb\"},\"inLanguage\":\"de\",\"potentialAction\":[{\"@type\":\"ReadAction\",\"target\":[\"https:\\\/\\\/www.listafyr.no\\\/de\\\/myrsnipa\\\/\"]}]},{\"@type\":\"BreadcrumbList\",\"@id\":\"https:\\\/\\\/www.listafyr.no\\\/de\\\/myrsnipa\\\/#breadcrumb\",\"itemListElement\":[{\"@type\":\"ListItem\",\"position\":1,\"name\":\"Hjem\",\"item\":\"https:\\\/\\\/www.listafyr.no\\\/de\\\/\"},{\"@type\":\"ListItem\",\"position\":2,\"name\":\"Myrsnipa\"}]},{\"@type\":\"WebSite\",\"@id\":\"https:\\\/\\\/www.listafyr.no\\\/#website\",\"url\":\"https:\\\/\\\/www.listafyr.no\\\/\",\"name\":\"Lista Fyr\",\"description\":\"\",\"publisher\":{\"@id\":\"https:\\\/\\\/www.listafyr.no\\\/#organization\"},\"potentialAction\":[{\"@type\":\"SearchAction\",\"target\":{\"@type\":\"EntryPoint\",\"urlTemplate\":\"https:\\\/\\\/www.listafyr.no\\\/?s={search_term_string}\"},\"query-input\":{\"@type\":\"PropertyValueSpecification\",\"valueRequired\":true,\"valueName\":\"search_term_string\"}}],\"inLanguage\":\"de\"},{\"@type\":\"Organization\",\"@id\":\"https:\\\/\\\/www.listafyr.no\\\/#organization\",\"name\":\"Lista Fyr - Bes\u00f8kssenter v\u00e5tmark Lista\",\"url\":\"https:\\\/\\\/www.listafyr.no\\\/\",\"logo\":{\"@type\":\"ImageObject\",\"inLanguage\":\"de\",\"@id\":\"https:\\\/\\\/www.listafyr.no\\\/#\\\/schema\\\/logo\\\/image\\\/\",\"url\":\"https:\\\/\\\/dn7eyj4djjy4e.cloudfront.net\\\/wp-content\\\/uploads\\\/2018\\\/07\\\/09173656\\\/DA1E7F0D-A2A3-4B62-AB5C-102BC8E289F1.png\",\"contentUrl\":\"https:\\\/\\\/dn7eyj4djjy4e.cloudfront.net\\\/wp-content\\\/uploads\\\/2018\\\/07\\\/09173656\\\/DA1E7F0D-A2A3-4B62-AB5C-102BC8E289F1.png\",\"width\":1096,\"height\":1925,\"caption\":\"Lista Fyr - Bes\u00f8kssenter v\u00e5tmark Lista\"},\"image\":{\"@id\":\"https:\\\/\\\/www.listafyr.no\\\/#\\\/schema\\\/logo\\\/image\\\/\"}}]}<\/script>\n<!-- \/ Yoast SEO plugin. -->","yoast_head_json":{"title":"Myrsnipa - Lista Fyr","robots":{"index":"index","follow":"follow","max-snippet":"max-snippet:-1","max-image-preview":"max-image-preview:large","max-video-preview":"max-video-preview:-1"},"canonical":"https:\/\/www.listafyr.no\/de\/myrsnipa\/","og_locale":"de_DE","og_type":"article","og_title":"Myrsnipa - Lista Fyr","og_description":"W\u00e4hlen Sie die Daten im Kalender unten und f\u00fcllen Sie die Informationsfelder aus. W\u00e4hlen Sie nur das Datum f\u00fcr den Check-in und Check-out, nicht die dazwischen liegenden Tage. Wenn Ihre Buchung abgeschlossen ist, erhalten Sie eine E-Mail mit weiteren Anweisungen. Wenn Sie diese E-Mail nicht erhalten, \u00fcberpr\u00fcfen Sie bitte, ob Ihre registrierte E-Mail korrekt ist [&hellip;]","og_url":"https:\/\/www.listafyr.no\/de\/myrsnipa\/","og_site_name":"Lista Fyr","article_modified_time":"2021-02-18T09:31:08+00:00","twitter_card":"summary_large_image","twitter_misc":{"Gesch\u00e4tzte Lesezeit":"2\u00a0Minuten"},"schema":{"@context":"https:\/\/schema.org","@graph":[{"@type":"WebPage","@id":"https:\/\/www.listafyr.no\/de\/myrsnipa\/","url":"https:\/\/www.listafyr.no\/de\/myrsnipa\/","name":"Myrsnipa - Lista Fyr","isPartOf":{"@id":"https:\/\/www.listafyr.no\/#website"},"datePublished":"2016-05-31T13:44:25+00:00","dateModified":"2021-02-18T09:31:08+00:00","breadcrumb":{"@id":"https:\/\/www.listafyr.no\/de\/myrsnipa\/#breadcrumb"},"inLanguage":"de","potentialAction":[{"@type":"ReadAction","target":["https:\/\/www.listafyr.no\/de\/myrsnipa\/"]}]},{"@type":"BreadcrumbList","@id":"https:\/\/www.listafyr.no\/de\/myrsnipa\/#breadcrumb","itemListElement":[{"@type":"ListItem","position":1,"name":"Hjem","item":"https:\/\/www.listafyr.no\/de\/"},{"@type":"ListItem","position":2,"name":"Myrsnipa"}]},{"@type":"WebSite","@id":"https:\/\/www.listafyr.no\/#website","url":"https:\/\/www.listafyr.no\/","name":"Lista Fyr","description":"","publisher":{"@id":"https:\/\/www.listafyr.no\/#organization"},"potentialAction":[{"@type":"SearchAction","target":{"@type":"EntryPoint","urlTemplate":"https:\/\/www.listafyr.no\/?s={search_term_string}"},"query-input":{"@type":"PropertyValueSpecification","valueRequired":true,"valueName":"search_term_string"}}],"inLanguage":"de"},{"@type":"Organization","@id":"https:\/\/www.listafyr.no\/#organization","name":"Lista Fyr - Bes\u00f8kssenter v\u00e5tmark Lista","url":"https:\/\/www.listafyr.no\/","logo":{"@type":"ImageObject","inLanguage":"de","@id":"https:\/\/www.listafyr.no\/#\/schema\/logo\/image\/","url":"https:\/\/dn7eyj4djjy4e.cloudfront.net\/wp-content\/uploads\/2018\/07\/09173656\/DA1E7F0D-A2A3-4B62-AB5C-102BC8E289F1.png","contentUrl":"https:\/\/dn7eyj4djjy4e.cloudfront.net\/wp-content\/uploads\/2018\/07\/09173656\/DA1E7F0D-A2A3-4B62-AB5C-102BC8E289F1.png","width":1096,"height":1925,"caption":"Lista Fyr - Bes\u00f8kssenter v\u00e5tmark Lista"},"image":{"@id":"https:\/\/www.listafyr.no\/#\/schema\/logo\/image\/"}}]}},"_links":{"self":[{"href":"https:\/\/www.listafyr.no\/de\/wp-json\/wp\/v2\/pages\/492","targetHints":{"allow":["GET"]}}],"collection":[{"href":"https:\/\/www.listafyr.no\/de\/wp-json\/wp\/v2\/pages"}],"about":[{"href":"https:\/\/www.listafyr.no\/de\/wp-json\/wp\/v2\/types\/page"}],"author":[{"embeddable":true,"href":"https:\/\/www.listafyr.no\/de\/wp-json\/wp\/v2\/users\/11"}],"replies":[{"embeddable":true,"href":"https:\/\/www.listafyr.no\/de\/wp-json\/wp\/v2\/comments?post=492"}],"version-history":[{"count":2,"href":"https:\/\/www.listafyr.no\/de\/wp-json\/wp\/v2\/pages\/492\/revisions"}],"predecessor-version":[{"id":682,"href":"https:\/\/www.listafyr.no\/de\/wp-json\/wp\/v2\/pages\/492\/revisions\/682"}],"wp:attachment":[{"href":"https:\/\/www.listafyr.no\/de\/wp-json\/wp\/v2\/media?parent=492"}],"curies":[{"name":"wp","href":"https:\/\/api.w.org\/{rel}","templated":true}]}}